{"id":17647,"date":"2018-09-30T15:04:46","date_gmt":"2018-09-30T15:04:46","guid":{"rendered":"https:\/\/estheticbeautycentre.com\/mentions-legales\/"},"modified":"2025-08-25T16:05:21","modified_gmt":"2025-08-25T16:05:21","slug":"mentions-legales","status":"publish","type":"page","link":"https:\/\/estheticbeautycentre.com\/en\/mentions-legales\/","title":{"rendered":"Mentions L\u00e9gales"},"content":{"rendered":"<div class=\"vgblk-rw-wrapper limit-wrapper\">\n\n\t<h2>Esthetic Beauty<\/h2>\n<h4>ADRESSE :<\/h4>\nRue de Rive 68, 1260 Nyon, Suisse<br \/>\nT\u00e9l. : +41 (0)7 91 57 06 88<br \/>\n<a href=\"mailto:infos@estheticbeautycentre.com\">infos@estheticbeautycentre.com<\/a>\n<h4>DIRECTRICE DE LA PUBLICATION\u00a0 :<\/h4>\n<p>Irina Sazonova<\/p>\n<h4>RESPONSABLE DU SITE INTERNET :<\/h4>\n<p><a href=\"http:\/\/tiphanie-galasso.fr\">Tiphanie Galasso<\/a><\/p>\n<h4>PHOTOGRAPHIES :<\/h4>\n<a href=\"https:\/\/www.instagram.com\/esthetic_beauty_ch\/\">\u00a9esthetic_beauty_ch<\/a><br \/>\n\u00a9Adobestock\n<h4>HEBERGEUR :<\/h4>\n<p>www.ovh.com<\/p>\n<h4>PROPRI\u00c9T\u00c9 INTELLECTUELLE :<\/h4>\n<p>&#8220;La structure g\u00e9n\u00e9rale, les textes, images anim\u00e9es ou non, les savoir-faire, les programmes et logiciels ainsi que tout autre \u00e9l\u00e9ment composant ce site sont la propri\u00e9t\u00e9 exclusive <strong>du Centre de la Beaut\u00e9 et de la sant\u00e9 Esthetic Beauty<\/strong>\u00a0et sont prot\u00e9g\u00e9s par le droit d&#8217;auteur.<\/p>\n<p>Toute repr\u00e9sentation totale ou partielle de ce site, par quelque proc\u00e9d\u00e9 que ce soit, sans l&#8217;autorisation expresse du Centre de la Beaut\u00e9 et de la sant\u00e9 Esthetic Beauty est donc interdite et constituerait une contre-fa\u00e7on.&#8221;<\/p>\n<p>\u00a9 Tous droits r\u00e9serv\u00e9s au Centre de la Beaut\u00e9 et de la Sant\u00e9 Esthetic Beauty<\/p>\n\n<\/div><!-- .vgblk-rw-wrapper -->","protected":false},"excerpt":{"rendered":"<p>Esthetic Beauty ADRESSE : Rue de Rive 68, 1260 Nyon, Suisse T\u00e9l. : +41 (0)7 91 57 06 88 infos@estheticbeautycentre.com DIRECTRICE DE LA PUBLICATION\u00a0 : Irina Sazonova RESPONSABLE DU SITE INTERNET : Tiphanie Galasso PHOTOGRAPHIES : \u00a9esthetic_beauty_ch \u00a9Adobestock HEBERGEUR : www.ovh.com PROPRI\u00c9T\u00c9 INTELLECTUELLE : &#8220;La structure g\u00e9n\u00e9rale, les textes, images anim\u00e9es ou non, les savoir-faire,&#8230;<\/p>\n","protected":false},"author":1,"featured_media":0,"parent":0,"menu_order":0,"comment_status":"closed","ping_status":"closed","template":"","meta":{"footnotes":""},"class_list":["post-17647","page","type-page","status-publish","hentry"],"_links":{"self":[{"href":"https:\/\/estheticbeautycentre.com\/en\/wp-json\/wp\/v2\/pages\/17647"}],"collection":[{"href":"https:\/\/estheticbeautycentre.com\/en\/wp-json\/wp\/v2\/pages"}],"about":[{"href":"https:\/\/estheticbeautycentre.com\/en\/wp-json\/wp\/v2\/types\/page"}],"author":[{"embeddable":true,"href":"https:\/\/estheticbeautycentre.com\/en\/wp-json\/wp\/v2\/users\/1"}],"replies":[{"embeddable":true,"href":"https:\/\/estheticbeautycentre.com\/en\/wp-json\/wp\/v2\/comments?post=17647"}],"version-history":[{"count":12,"href":"https:\/\/estheticbeautycentre.com\/en\/wp-json\/wp\/v2\/pages\/17647\/revisions"}],"predecessor-version":[{"id":18311,"href":"https:\/\/estheticbeautycentre.com\/en\/wp-json\/wp\/v2\/pages\/17647\/revisions\/18311"}],"wp:attachment":[{"href":"https:\/\/estheticbeautycentre.com\/en\/wp-json\/wp\/v2\/media?parent=17647"}],"curies":[{"name":"wp","href":"https:\/\/api.w.org\/{rel}","templated":true}]}}